{"id":134,"date":"2023-10-28T09:34:02","date_gmt":"2023-10-28T09:34:02","guid":{"rendered":"https:\/\/2021.svr-schach.de\/?page_id=134"},"modified":"2025-10-14T11:14:38","modified_gmt":"2025-10-14T11:14:38","slug":"74-kongress-2022","status":"publish","type":"page","link":"https:\/\/svr-schach.de\/?page_id=134","title":{"rendered":"79. Kongress  2026"},"content":{"rendered":"\n<p>Liebe Schachfreundinnen,<br>liebe Schachfreunde,<\/p>\n\n\n\n<p>hiermit lade ich Euch zum 79. SV Ruhrgebiet-Kongress am 7.03.2026 um 15 Uhr ein.<\/p>\n\n\n\n<p>Der Kongress findet im<br><strong>Amandus-Forum<br><\/strong>Kirchstra\u00dfe 23<br>45711 Datteln statt.<\/p>\n\n\n\n<p><strong>Tagesordnung<\/strong><\/p>\n\n\n\n<p>1. Begr\u00fc\u00dfung<br>2. Er\u00f6ffnung der Versammlung und Ernennung eines Protokollf\u00fchrers<br>3. Feststellung der ordnungsgem\u00e4\u00dfen Ladung<br>4. Feststellung der Beschlussf\u00e4higkeit<br>\u2013 Stimmenverteilung<br>5. Genehmigung der Tagesordnung<br>6. Ehrungen<br>7. Jahresbericht des Vorstands f\u00fcr das abgelaufene Jahr<br>8. Finanzbericht des Schatzmeisters<br>9. Bericht der Rechnungspr\u00fcfer<br>10. Aussprache \u00fcber die Berichte<br>11. Antr\u00e4ge zur Satzung<br>12. weitere Antr\u00e4ge<br>11. Entlastung des Vorstands<br>12. Wahlen gem\u00e4\u00df der Satzung<br>\u2013 Vizepr\u00e4sident<br>\u2013 Kassierer<br>\u2013 2. Spielleiter<br>13. Wahlen gem\u00e4\u00df der Finanzordnung<br>\u2013 zwei Kassenpr\u00fcfer<br>\u2013 Ersatzkassenpr\u00fcfer<br>14. Genehmigung des Haushaltsplans f\u00fcr das laufende Jahr<br>15. Terminplanung<br>\u2013 geplant erw. Pr\u00e4sidiumssitzung am 10.10.2026 im Bezirk Hamm<br>\u2013 geplant 80. SVR-Kongress am 6.03.2027 im Bezirk Hamm<br>16. Sonstiges<\/p>\n\n\n\n<p>Antr\u00e4ge f\u00fcr den 79. SV Ruhrgebiets-Kongress k\u00f6nnen bis zum 09.01.2026 (Satzungsantr\u00e4ge) und 6.02.2026 (weitere Antr\u00e4ge) bei dem Pr\u00e4sidenten Ralf Chadt-Rausch (r-chadt@t-online.de) eingereicht werden.<br><br>Dortmund, den 14.10.2025<\/p>\n\n\n\n<p>Ralf Chadt-Rausch, Pr\u00e4sident<\/p>\n","protected":false},"excerpt":{"rendered":"<p>Liebe Schachfreundinnen,liebe Schachfreunde, hiermit lade ich Euch zum 79. SV Ruhrgebiet-Kongress am 7.03.2026 um 15 Uhr ein. Der Kongress findet imAmandus-ForumKirchstra\u00dfe 2345711 Datteln statt. Tagesordnung 1. Begr\u00fc\u00dfung2. Er\u00f6ffnung der Versammlung und Ernennung eines Protokollf\u00fchrers3. Feststellung der ordnungsgem\u00e4\u00dfen Ladung4. Feststellung der Beschlussf\u00e4higkeit\u2013 Stimmenverteilung5. Genehmigung der Tagesordnung6. Ehrungen7. Jahresbericht des Vorstands f\u00fcr das abgelaufene Jahr8. Finanzbericht des [&hellip;]<\/p>\n","protected":false},"author":1,"featured_media":0,"parent":0,"menu_order":0,"comment_status":"closed","ping_status":"closed","template":"","meta":{"footnotes":""},"class_list":["post-134","page","type-page","status-publish","hentry"],"_links":{"self":[{"href":"https:\/\/svr-schach.de\/index.php?rest_route=\/wp\/v2\/pages\/134","targetHints":{"allow":["GET"]}}],"collection":[{"href":"https:\/\/svr-schach.de\/index.php?rest_route=\/wp\/v2\/pages"}],"about":[{"href":"https:\/\/svr-schach.de\/index.php?rest_route=\/wp\/v2\/types\/page"}],"author":[{"embeddable":true,"href":"https:\/\/svr-schach.de\/index.php?rest_route=\/wp\/v2\/users\/1"}],"replies":[{"embeddable":true,"href":"https:\/\/svr-schach.de\/index.php?rest_route=%2Fwp%2Fv2%2Fcomments&post=134"}],"version-history":[{"count":13,"href":"https:\/\/svr-schach.de\/index.php?rest_route=\/wp\/v2\/pages\/134\/revisions"}],"predecessor-version":[{"id":966,"href":"https:\/\/svr-schach.de\/index.php?rest_route=\/wp\/v2\/pages\/134\/revisions\/966"}],"wp:attachment":[{"href":"https:\/\/svr-schach.de\/index.php?rest_route=%2Fwp%2Fv2%2Fmedia&parent=134"}],"curies":[{"name":"wp","href":"https:\/\/api.w.org\/{rel}","templated":true}]}}